{"id":8037,"date":"2022-11-21T16:59:04","date_gmt":"2022-11-21T13:59:04","guid":{"rendered":"https:\/\/www.ghirasalkhaeer.com\/?page_id=8037"},"modified":"2024-05-06T15:51:36","modified_gmt":"2024-05-06T12:51:36","slug":"su-ve-cevre-destegi","status":"publish","type":"page","link":"https:\/\/www.ghirasalkhaeer.com\/tr\/su-ve-cevre-destegi\/","title":{"rendered":"Su ve \u00c7evre Deste\u011fi"},"content":{"rendered":"\t\t<div data-elementor-type=\"wp-page\" data-elementor-id=\"8037\" class=\"elementor elementor-8037 elementor-5102\" data-elementor-post-type=\"page\">\n\t\t\t\t\t\t<section class=\"elementor-section elementor-top-section elementor-element elementor-element-be98be0 elementor-section-boxed elementor-section-height-default elementor-section-height-default row-top\" data-id=\"be98be0\" data-element_type=\"section\" data-e-type=\"section\">\n\t\t\t\t\t\t<div class=\"elementor-container elementor-column-gap-default\">\n\t\t\t\t\t<div class=\"elementor-column elementor-col-100 elementor-top-column elementor-element elementor-element-8ae1fae column-style-top\" data-id=\"8ae1fae\" data-element_type=\"column\" data-e-type=\"column\">\n\t\t\t<div class=\"elementor-widget-wrap elementor-element-populated\">\n\t\t\t\t\t\t<div class=\"elementor-element elementor-element-63178e7 small-size-post-grid elementor-widget elementor-widget-gva-posts\" data-id=\"63178e7\" data-element_type=\"widget\" data-e-type=\"widget\" data-widget_type=\"gva-posts.default\">\n\t\t\t\t<div class=\"elementor-widget-container\">\n\t\t\t\t\t<div class=\"gva-element-gva-posts gva-element\">  \r\n  <div class=\"gva-posts-grid clearfix gva-posts\">\r\n\t\t<div class=\"gva-content-items\"> \r\n\t\t  <div class=\"lg-block-grid-3 md-block-grid-3 sm-block-grid-2 xs-block-grid-1 xx-block-grid-1\">\r\n\t\t\t \r\n<div class=\"all egitim ev-saglama-destegi genel-destek gida-destegi insani-durumlar saglik-destegi savunmasizlara-sponsorluk su-ve-cevre-korumasi raporlar \">\r\n   <article id=\"post-8016\" class=\"post post-style-1 post-8016 type-post status-publish format-standard has-post-thumbnail hentry category-egitim category-ev-saglama-destegi category-genel-destek category-gida-destegi category-insani-durumlar category-saglik-destegi category-savunmasizlara-sponsorluk category-su-ve-cevre-korumasi category-raporlar\">\r\n      <div class=\"post-thumbnail\">\r\n         <a href=\"https:\/\/www.ghirasalkhaeer.com\/tr\/giras-projelerinden-600-bin-kisiden-fazla-faydalandi\/\">\r\n            <img fetchpriority=\"high\" decoding=\"async\" width=\"600\" height=\"445\" src=\"https:\/\/www.ghirasalkhaeer.com\/wp-content\/uploads\/2024\/01\/IMG_4053-600x445.jpg\" class=\"attachment-halpes_medium size-halpes_medium wp-post-image\" alt=\"Giras Projelerinden 600 Bin Ki\u015fiden Fazla Faydaland\u0131\" title=\"\">         <\/a>\r\n                     <div class=\"entry-date\">21 Ocak 2024<\/div>\r\n               <\/div>   \r\n\r\n      <div class=\"entry-content\">\r\n         <div class=\"content-inner\">\r\n            <div class=\"entry-meta\">\r\n               <div class=\"clearfix meta-inline post-meta-1\"><span class=\"author vcard\"><i class=\"far fa-user-circle\"><\/i>by&nbsp;admin<\/span><span class=\"author-seperate\">\/<\/span><span class=\"post-comment\"><i class=\"far fa-comments\"><\/i>0 comments<\/span><\/div>            <\/div> \r\n            <h3 class=\"entry-title\"><a href=\"https:\/\/www.ghirasalkhaeer.com\/tr\/giras-projelerinden-600-bin-kisiden-fazla-faydalandi\/\" rel=\"bookmark\">Giras Projelerinden 600 Bin Ki\u015fiden Fazla Faydaland\u0131<\/a><\/h3>\r\n                           <div class=\"entry-desc\">\r\n                  \u0642\u062f\u0645\u062a \u062c\u0645\u0639\u064a\u0629 \u063a\u0631\u0627\u0633 \u0627\u0644\u062e\u064a\u0631 \u0627\u0644\u0625\u0646\u0633\u0627\u0646\u064a\u0629\u060c \u0641\u064a \u0639\u0627\u0645 2023\u060c \u0627\u0644\u0645\u0633\u0627\u0639\u062f\u0627\u062a \u0627\u0644\u0625\u0646\u0633\u0627\u0646\u064a\u0629 \u0644\u0623\u0643\u062b\u0631 \u0645\u0646 \u0646\u0635\u0641 \u0645\u0644\u064a\u0648\u0646 \u0634\u062e\u0635               <\/div>   \r\n                     <\/div>\r\n\r\n      <\/div>\r\n   <\/article>   \r\n<\/div>\r\n\r\n  \t\t  <\/div>\r\n\t\t<\/div>\r\n\t\t\t\t\t <div class=\"pagination\">\r\n\t\t\t\t  \t\t\t <\/div>\r\n\t\t  <\/div>\r\n  <\/div>\t\t\t\t<\/div>\n\t\t\t\t<\/div>\n\t\t\t\t\t<\/div>\n\t\t<\/div>\n\t\t\t\t\t<\/div>\n\t\t<\/section>\n\t\t\t\t<section class=\"elementor-section elementor-top-section elementor-element elementor-element-93782c4 elementor-section-boxed elementor-section-height-default elementor-section-height-default row-top\" data-id=\"93782c4\" data-element_type=\"section\" data-e-type=\"section\">\n\t\t\t\t\t\t<div class=\"elementor-container elementor-column-gap-default\">\n\t\t\t\t\t<div class=\"elementor-column elementor-col-100 elementor-top-column elementor-element elementor-element-5c1cd75 column-style-top\" data-id=\"5c1cd75\" data-element_type=\"column\" data-e-type=\"column\">\n\t\t\t<div class=\"elementor-widget-wrap elementor-element-populated\">\n\t\t\t\t\t\t<div class=\"elementor-element elementor-element-6c3028c elementor-widget elementor-widget-text-editor\" data-id=\"6c3028c\" data-element_type=\"widget\" data-e-type=\"widget\" data-widget_type=\"text-editor.default\">\n\t\t\t\t<div class=\"elementor-widget-container\">\n\t\t\t\t\t\t\t\t\t<h2>Giras Alkhaeer&#8217;in Su ve \u00c7evre Deste\u011fi Programlar\u0131<\/h2><p>Giras Alkhaeer&#8217;in Su ve \u00c7evre Deste\u011fi programlar\u0131, ezilen toplumlarda temiz su ve \u00e7evre bulunmas\u0131na hedefliyor.<\/p>\t\t\t\t\t\t\t\t<\/div>\n\t\t\t\t<\/div>\n\t\t\t\t\t<\/div>\n\t\t<\/div>\n\t\t\t\t\t<\/div>\n\t\t<\/section>\n\t\t\t\t<\/div>\n\t\t","protected":false},"excerpt":{"rendered":"<p>May 6, 2024 by&nbsp;admin\/0 comments Giras Projelerinden 600 Bin Ki\u015fiden Fazla Faydaland\u0131 \u0642\u062f\u0645\u062a \u062c\u0645\u0639\u064a\u0629 \u063a\u0631\u0627\u0633 \u0627\u0644\u062e\u064a\u0631 \u0627\u0644\u0625\u0646\u0633\u0627\u0646\u064a\u0629\u060c \u0641\u064a \u0639\u0627\u0645 2023\u060c \u0627\u0644\u0645\u0633\u0627\u0639\u062f\u0627\u062a \u0627\u0644\u0625\u0646\u0633\u0627\u0646\u064a\u0629 \u0644\u0623\u0643\u062b\u0631 \u0645\u0646 \u0646\u0635\u0641 \u0645\u0644\u064a\u0648\u0646 \u0634\u062e\u0635 Giras Alkhaeer&#8217;in Su ve \u00c7evre Deste\u011fi Programlar\u0131 Giras Alkhaeer&#8217;in Su ve \u00c7evre Deste\u011fi programlar\u0131, ezilen toplumlarda temiz su ve \u00e7evre bulunmas\u0131na hedefliyor.<\/p>\n","protected":false},"author":1,"featured_media":0,"parent":0,"menu_order":0,"comment_status":"closed","ping_status":"closed","template":"","meta":{"footnotes":""},"class_list":["post-8037","page","type-page","status-publish","hentry"],"language":null,"_links":{"self":[{"href":"https:\/\/www.ghirasalkhaeer.com\/tr\/wp-json\/wp\/v2\/pages\/8037","targetHints":{"allow":["GET"]}}],"collection":[{"href":"https:\/\/www.ghirasalkhaeer.com\/tr\/wp-json\/wp\/v2\/pages"}],"about":[{"href":"https:\/\/www.ghirasalkhaeer.com\/tr\/wp-json\/wp\/v2\/types\/page"}],"author":[{"embeddable":true,"href":"https:\/\/www.ghirasalkhaeer.com\/tr\/wp-json\/wp\/v2\/users\/1"}],"replies":[{"embeddable":true,"href":"https:\/\/www.ghirasalkhaeer.com\/tr\/wp-json\/wp\/v2\/comments?post=8037"}],"version-history":[{"count":4,"href":"https:\/\/www.ghirasalkhaeer.com\/tr\/wp-json\/wp\/v2\/pages\/8037\/revisions"}],"predecessor-version":[{"id":8041,"href":"https:\/\/www.ghirasalkhaeer.com\/tr\/wp-json\/wp\/v2\/pages\/8037\/revisions\/8041"}],"wp:attachment":[{"href":"https:\/\/www.ghirasalkhaeer.com\/tr\/wp-json\/wp\/v2\/media?parent=8037"}],"curies":[{"name":"wp","href":"https:\/\/api.w.org\/{rel}","templated":true}]}}