{"id":7832,"date":"2024-05-02T12:07:21","date_gmt":"2024-05-02T09:07:21","guid":{"rendered":"https:\/\/www.ghirasalkhaeer.com\/?page_id=7832"},"modified":"2024-05-02T13:10:30","modified_gmt":"2024-05-02T10:10:30","slug":"bagis","status":"publish","type":"page","link":"https:\/\/www.ghirasalkhaeer.com\/tr\/bagis\/","title":{"rendered":"Ba\u011f\u0131\u015f Yap"},"content":{"rendered":"\t\t<div data-elementor-type=\"wp-page\" data-elementor-id=\"7832\" class=\"elementor elementor-7832 elementor-5218\" data-elementor-post-type=\"page\">\n\t\t\t\t\t\t<section class=\"elementor-section elementor-top-section elementor-element elementor-element-0ca1b57 elementor-section-boxed elementor-section-height-default elementor-section-height-default row-top\" data-id=\"0ca1b57\" data-element_type=\"section\" data-e-type=\"section\">\n\t\t\t\t\t\t<div class=\"elementor-container elementor-column-gap-default\">\n\t\t\t\t\t<div class=\"elementor-column elementor-col-100 elementor-top-column elementor-element elementor-element-6fc3efc column-style-top\" data-id=\"6fc3efc\" data-element_type=\"column\" data-e-type=\"column\">\n\t\t\t<div class=\"elementor-widget-wrap elementor-element-populated\">\n\t\t\t\t\t\t<div class=\"elementor-element elementor-element-a8f02a0 elementor-widget elementor-widget-text-editor\" data-id=\"a8f02a0\" data-element_type=\"widget\" data-e-type=\"widget\" data-widget_type=\"text-editor.default\">\n\t\t\t\t<div class=\"elementor-widget-container\">\n\t\t\t\t\t\t\t\t\t<p>Derne\u011fimizin projelerinden birine Charity Giving ile ba\u011f\u0131\u015f yapabilirsiniz:<\/p>\t\t\t\t\t\t\t\t<\/div>\n\t\t\t\t<\/div>\n\t\t\t\t\t<\/div>\n\t\t<\/div>\n\t\t\t\t\t<\/div>\n\t\t<\/section>\n\t\t\t\t<section class=\"elementor-section elementor-top-section elementor-element elementor-element-5f7683e elementor-section-boxed elementor-section-height-default elementor-section-height-default row-top\" data-id=\"5f7683e\" data-element_type=\"section\" data-e-type=\"section\">\n\t\t\t\t\t\t<div class=\"elementor-container elementor-column-gap-default\">\n\t\t\t\t\t<div class=\"elementor-column elementor-col-100 elementor-top-column elementor-element elementor-element-cd8ede7 column-style-top\" data-id=\"cd8ede7\" data-element_type=\"column\" data-e-type=\"column\">\n\t\t\t<div class=\"elementor-widget-wrap elementor-element-populated\">\n\t\t\t\t\t\t<div class=\"elementor-element elementor-element-0465614 elementor-widget elementor-widget-text-editor\" data-id=\"0465614\" data-element_type=\"widget\" data-e-type=\"widget\" data-widget_type=\"text-editor.default\">\n\t\t\t\t<div class=\"elementor-widget-container\">\n\t\t\t\t\t\t\t\t\t<iframe src=\"https:\/\/charitygiving.net\/iframe\/eyJpdiI6Ijg2V2JYempRMndGMFJvUDNTNEZCMEE9PSIsInZhbHVlIjoiWEZRUDdHc2dKQXJ6UTBUanQwZ1VjQT09IiwibWFjIjoiMWI4MTE5ZWQ0ZmM4ZGY0ZDRkM2YzODI4ZmY3ODc2OGU4MmEyMWU2ODY4ODQwYmIzODc5MmIxOThmNzUzOTg2OCIsInRhZyI6IiJ9\"  scrolling=\"no\" style=\" width: 550px; height: 800px;  overflow: hidden;\"><\/iframe>\t\t\t\t\t\t\t\t<\/div>\n\t\t\t\t<\/div>\n\t\t\t\t\t<\/div>\n\t\t<\/div>\n\t\t\t\t\t<\/div>\n\t\t<\/section>\n\t\t\t\t<section class=\"elementor-section elementor-top-section elementor-element elementor-element-209f2547 elementor-section-boxed elementor-section-height-default elementor-section-height-default row-top\" data-id=\"209f2547\" data-element_type=\"section\" data-e-type=\"section\">\n\t\t\t\t\t\t<div class=\"elementor-container elementor-column-gap-default\">\n\t\t\t\t\t<div class=\"elementor-column elementor-col-100 elementor-top-column elementor-element elementor-element-68f0fa68 column-style-top\" data-id=\"68f0fa68\" data-element_type=\"column\" data-e-type=\"column\">\n\t\t\t<div class=\"elementor-widget-wrap elementor-element-populated\">\n\t\t\t\t\t\t<div class=\"elementor-element elementor-element-4e10076c elementor-widget elementor-widget-text-editor\" data-id=\"4e10076c\" data-element_type=\"widget\" data-e-type=\"widget\" data-widget_type=\"text-editor.default\">\n\t\t\t\t<div class=\"elementor-widget-container\">\n\t\t\t\t\t\t\t\t\t<p>Banka havalesi ile de ba\u011f\u0131\u015f yapabilirsiniz.<\/p><table class=\"bank ltr table\"><tbody><tr><td scope=\"col\">Hesap No<\/td><td id=\"no\" scope=\"col\">146567<\/td><\/tr><tr><td scope=\"col\">Swift<\/td><td id=\"swift-code\" scope=\"col\">ZKBATRIS<\/td><\/tr><tr><td scope=\"col\">IBAN TL<\/td><td id=\"iban-tl\" scope=\"col\">TR53 0020 9000 0014 6567 0000 01<\/td><\/tr><tr><td scope=\"col\">IBAN USD<\/td><td id=\"iban-usd\" scope=\"col\">TR26 0020 9000 0014 6567 0000 02<\/td><\/tr><tr><td scope=\"col\">IBAN EUR<\/td><td id=\"iban-eu\" scope=\"col\">TR96 0020 9000 0014 6567 0000 03<\/td><\/tr><tr><td scope=\"col\">Hesap Ad\u0131<\/td><td id=\"ac\" scope=\"col\">INSAN HAYIR KALKINDIRMA DERNE\u011e\u0130 (GIRAS)<\/td><\/tr><\/tbody><\/table>\t\t\t\t\t\t\t\t<\/div>\n\t\t\t\t<\/div>\n\t\t\t\t\t<\/div>\n\t\t<\/div>\n\t\t\t\t\t<\/div>\n\t\t<\/section>\n\t\t\t\t<\/div>\n\t\t","protected":false},"excerpt":{"rendered":"<p>Derne\u011fimizin projelerinden birine Charity Giving ile ba\u011f\u0131\u015f yapabilirsiniz: Banka havalesi ile de ba\u011f\u0131\u015f yapabilirsiniz. Hesap No 146567 Swift ZKBATRIS IBAN TL TR53 0020 9000 0014 6567 0000 01 IBAN USD TR26 0020 9000 0014 6567 0000 02 IBAN EUR TR96 0020 9000 0014 6567 0000 03 Hesap Ad\u0131 INSAN HAYIR KALKINDIRMA DERNE\u011e\u0130 (GIRAS)<\/p>\n","protected":false},"author":1,"featured_media":0,"parent":0,"menu_order":0,"comment_status":"closed","ping_status":"closed","template":"","meta":{"footnotes":""},"class_list":["post-7832","page","type-page","status-publish","hentry"],"language":null,"_links":{"self":[{"href":"https:\/\/www.ghirasalkhaeer.com\/tr\/wp-json\/wp\/v2\/pages\/7832","targetHints":{"allow":["GET"]}}],"collection":[{"href":"https:\/\/www.ghirasalkhaeer.com\/tr\/wp-json\/wp\/v2\/pages"}],"about":[{"href":"https:\/\/www.ghirasalkhaeer.com\/tr\/wp-json\/wp\/v2\/types\/page"}],"author":[{"embeddable":true,"href":"https:\/\/www.ghirasalkhaeer.com\/tr\/wp-json\/wp\/v2\/users\/1"}],"replies":[{"embeddable":true,"href":"https:\/\/www.ghirasalkhaeer.com\/tr\/wp-json\/wp\/v2\/comments?post=7832"}],"version-history":[{"count":8,"href":"https:\/\/www.ghirasalkhaeer.com\/tr\/wp-json\/wp\/v2\/pages\/7832\/revisions"}],"predecessor-version":[{"id":7857,"href":"https:\/\/www.ghirasalkhaeer.com\/tr\/wp-json\/wp\/v2\/pages\/7832\/revisions\/7857"}],"wp:attachment":[{"href":"https:\/\/www.ghirasalkhaeer.com\/tr\/wp-json\/wp\/v2\/media?parent=7832"}],"curies":[{"name":"wp","href":"https:\/\/api.w.org\/{rel}","templated":true}]}}