{"id":6610,"date":"2022-11-21T16:52:39","date_gmt":"2022-11-21T13:52:39","guid":{"rendered":"https:\/\/www.ghirasalkhaeer.com\/?page_id=6610"},"modified":"2024-12-26T12:28:23","modified_gmt":"2024-12-26T09:28:23","slug":"gida-destegi","status":"publish","type":"page","link":"https:\/\/www.ghirasalkhaeer.com\/tr\/gida-destegi\/","title":{"rendered":"G\u0131da Deste\u011fi"},"content":{"rendered":"\t\t<div data-elementor-type=\"wp-page\" data-elementor-id=\"6610\" class=\"elementor elementor-6610 elementor-5081\" data-elementor-post-type=\"page\">\n\t\t\t\t\t\t<section class=\"elementor-section elementor-top-section elementor-element elementor-element-d7cf0f9 elementor-section-boxed elementor-section-height-default elementor-section-height-default row-top\" data-id=\"d7cf0f9\" data-element_type=\"section\" data-e-type=\"section\">\n\t\t\t\t\t\t<div class=\"elementor-container elementor-column-gap-default\">\n\t\t\t\t\t<div class=\"elementor-column elementor-col-100 elementor-top-column elementor-element elementor-element-0457e90 column-style-top\" data-id=\"0457e90\" data-element_type=\"column\" data-e-type=\"column\">\n\t\t\t<div class=\"elementor-widget-wrap elementor-element-populated\">\n\t\t\t\t\t\t<div class=\"elementor-element elementor-element-7ec5055 small-size-post-grid elementor-widget elementor-widget-gva-posts\" data-id=\"7ec5055\" data-element_type=\"widget\" data-e-type=\"widget\" data-widget_type=\"gva-posts.default\">\n\t\t\t\t<div class=\"elementor-widget-container\">\n\t\t\t\t\t<div class=\"gva-element-gva-posts gva-element\">  \r\n  <div class=\"gva-posts-grid clearfix gva-posts\">\r\n\t\t<div class=\"gva-content-items\"> \r\n\t\t  <div class=\"lg-block-grid-3 md-block-grid-3 sm-block-grid-2 xs-block-grid-1 xx-block-grid-1\">\r\n\t\t\t \r\n<div class=\"all egitim ev-saglama-destegi genel-destek gida-destegi insani-durumlar saglik-destegi savunmasizlara-sponsorluk su-ve-cevre-korumasi raporlar \">\r\n   <article id=\"post-8016\" class=\"post post-style-1 post-8016 type-post status-publish format-standard has-post-thumbnail hentry category-egitim category-ev-saglama-destegi category-genel-destek category-gida-destegi category-insani-durumlar category-saglik-destegi category-savunmasizlara-sponsorluk category-su-ve-cevre-korumasi category-raporlar\">\r\n      <div class=\"post-thumbnail\">\r\n         <a href=\"https:\/\/www.ghirasalkhaeer.com\/tr\/giras-projelerinden-600-bin-kisiden-fazla-faydalandi\/\">\r\n            <img fetchpriority=\"high\" decoding=\"async\" width=\"600\" height=\"445\" src=\"https:\/\/www.ghirasalkhaeer.com\/wp-content\/uploads\/2024\/01\/IMG_4053-600x445.jpg\" class=\"attachment-halpes_medium size-halpes_medium wp-post-image\" alt=\"Giras Projelerinden 600 Bin Ki\u015fiden Fazla Faydaland\u0131\" title=\"\">         <\/a>\r\n                     <div class=\"entry-date\">21 Ocak 2024<\/div>\r\n               <\/div>   \r\n\r\n      <div class=\"entry-content\">\r\n         <div class=\"content-inner\">\r\n            <div class=\"entry-meta\">\r\n               <div class=\"clearfix meta-inline post-meta-1\"><span class=\"author vcard\"><i class=\"far fa-user-circle\"><\/i>by&nbsp;admin<\/span><span class=\"author-seperate\">\/<\/span><span class=\"post-comment\"><i class=\"far fa-comments\"><\/i>0 comments<\/span><\/div>            <\/div> \r\n            <h3 class=\"entry-title\"><a href=\"https:\/\/www.ghirasalkhaeer.com\/tr\/giras-projelerinden-600-bin-kisiden-fazla-faydalandi\/\" rel=\"bookmark\">Giras Projelerinden 600 Bin Ki\u015fiden Fazla Faydaland\u0131<\/a><\/h3>\r\n                           <div class=\"entry-desc\">\r\n                  \u0642\u062f\u0645\u062a \u062c\u0645\u0639\u064a\u0629 \u063a\u0631\u0627\u0633 \u0627\u0644\u062e\u064a\u0631 \u0627\u0644\u0625\u0646\u0633\u0627\u0646\u064a\u0629\u060c \u0641\u064a \u0639\u0627\u0645 2023\u060c \u0627\u0644\u0645\u0633\u0627\u0639\u062f\u0627\u062a \u0627\u0644\u0625\u0646\u0633\u0627\u0646\u064a\u0629 \u0644\u0623\u0643\u062b\u0631 \u0645\u0646 \u0646\u0635\u0641 \u0645\u0644\u064a\u0648\u0646 \u0634\u062e\u0635               <\/div>   \r\n                     <\/div>\r\n\r\n      <\/div>\r\n   <\/article>   \r\n<\/div>\r\n\r\n  \r\n<div class=\"all gida-destegi \">\r\n   <article id=\"post-6282\" class=\"post post-style-1 post-6282 type-post status-publish format-standard hentry category-gida-destegi\">\r\n      <div class=\"post-thumbnail\">\r\n         <a href=\"https:\/\/www.ghirasalkhaeer.com\/tr\/kurban-bayrami-projeleri-1443\/\">\r\n                     <\/a>\r\n                     <div class=\"entry-date\">21 A\u011fustos 2022<\/div>\r\n               <\/div>   \r\n\r\n      <div class=\"entry-content\">\r\n         <div class=\"content-inner\">\r\n            <div class=\"entry-meta\">\r\n               <div class=\"clearfix meta-inline post-meta-1\"><span class=\"author vcard\"><i class=\"far fa-user-circle\"><\/i>by&nbsp;admin<\/span><span class=\"author-seperate\">\/<\/span><span class=\"post-comment\"><i class=\"far fa-comments\"><\/i>0 comments<\/span><\/div>            <\/div> \r\n            <h3 class=\"entry-title\"><a href=\"https:\/\/www.ghirasalkhaeer.com\/tr\/kurban-bayrami-projeleri-1443\/\" rel=\"bookmark\">Kurban Bayram\u0131 Projeleri 1443<\/a><\/h3>\r\n                           <div class=\"entry-desc\">\r\n                  Dini gelenekleri canland\u0131ran ve kuzey Suriye ve Arsal kamplar\u0131ndaki m\u00fclteci toplulu\u011funu destekleyen Ghiras Alkhair Derne\u011fi,               <\/div>   \r\n                     <\/div>\r\n\r\n      <\/div>\r\n   <\/article>   \r\n<\/div>\r\n\r\n  \r\n<div class=\"all gida-destegi \">\r\n   <article id=\"post-6284\" class=\"post post-style-1 post-6284 type-post status-publish format-standard hentry category-gida-destegi\">\r\n      <div class=\"post-thumbnail\">\r\n         <a href=\"https:\/\/www.ghirasalkhaeer.com\/tr\/ekmegi-olan-bir-aileye-sponsorluk\/\">\r\n                     <\/a>\r\n                     <div class=\"entry-date\">21 A\u011fustos 2022<\/div>\r\n               <\/div>   \r\n\r\n      <div class=\"entry-content\">\r\n         <div class=\"content-inner\">\r\n            <div class=\"entry-meta\">\r\n               <div class=\"clearfix meta-inline post-meta-1\"><span class=\"author vcard\"><i class=\"far fa-user-circle\"><\/i>by&nbsp;admin<\/span><span class=\"author-seperate\">\/<\/span><span class=\"post-comment\"><i class=\"far fa-comments\"><\/i>0 comments<\/span><\/div>            <\/div> \r\n            <h3 class=\"entry-title\"><a href=\"https:\/\/www.ghirasalkhaeer.com\/tr\/ekmegi-olan-bir-aileye-sponsorluk\/\" rel=\"bookmark\">Ekmekli bir aileye sponsor olmak<\/a><\/h3>\r\n                           <div class=\"entry-desc\">\r\n                  G\u0131da i\u00e7in temel malzeme oldu\u011fu i\u00e7in ve bu malzemenin ciddi k\u0131tl\u0131\u011f\u0131 ve fiyat\u0131ndaki art\u0131\u015f nedeniyle,               <\/div>   \r\n                     <\/div>\r\n\r\n      <\/div>\r\n   <\/article>   \r\n<\/div>\r\n\r\n  \r\n<div class=\"all gida-destegi kampanyalar \">\r\n   <article id=\"post-6288\" class=\"post post-style-1 post-6288 type-post status-publish format-standard hentry category-gida-destegi category-kampanyalar\">\r\n      <div class=\"post-thumbnail\">\r\n         <a href=\"https:\/\/www.ghirasalkhaeer.com\/tr\/ramazan-projeleri-1443\/\">\r\n                     <\/a>\r\n                     <div class=\"entry-date\">21 A\u011fustos 2022<\/div>\r\n               <\/div>   \r\n\r\n      <div class=\"entry-content\">\r\n         <div class=\"content-inner\">\r\n            <div class=\"entry-meta\">\r\n               <div class=\"clearfix meta-inline post-meta-1\"><span class=\"author vcard\"><i class=\"far fa-user-circle\"><\/i>by&nbsp;admin<\/span><span class=\"author-seperate\">\/<\/span><span class=\"post-comment\"><i class=\"far fa-comments\"><\/i>0 comments<\/span><\/div>            <\/div> \r\n            <h3 class=\"entry-title\"><a href=\"https:\/\/www.ghirasalkhaeer.com\/tr\/ramazan-projeleri-1443\/\" rel=\"bookmark\">Ramazan Projeleri 1443<\/a><\/h3>\r\n                           <div class=\"entry-desc\">\r\n                  Kuzey Suriye&#039;deki kamplarda ve L\u00fcbnan&#039;daki m\u00fclteci kamplar\u0131nda artan ihtiya\u00e7la birlikte, Grass Al-Khair \u0130nsani Yard\u0131m Derne\u011fi,               <\/div>   \r\n                     <\/div>\r\n\r\n      <\/div>\r\n   <\/article>   \r\n<\/div>\r\n\r\n  \r\n<div class=\"all gida-destegi \">\r\n   <article id=\"post-6291\" class=\"post post-style-1 post-6291 type-post status-publish format-gallery hentry category-gida-destegi post_format-post-format-gallery\">\r\n      <div class=\"post-thumbnail\">\r\n         <a href=\"https:\/\/www.ghirasalkhaeer.com\/tr\/kuveyt-kamyonlar-kampanyasi-2022\/\">\r\n                     <\/a>\r\n                     <div class=\"entry-date\">18 A\u011fustos 2022<\/div>\r\n               <\/div>   \r\n\r\n      <div class=\"entry-content\">\r\n         <div class=\"content-inner\">\r\n            <div class=\"entry-meta\">\r\n               <div class=\"clearfix meta-inline post-meta-1\"><span class=\"author vcard\"><i class=\"far fa-user-circle\"><\/i>by&nbsp;admin<\/span><span class=\"author-seperate\">\/<\/span><span class=\"post-comment\"><i class=\"far fa-comments\"><\/i>0 comments<\/span><\/div>            <\/div> \r\n            <h3 class=\"entry-title\"><a href=\"https:\/\/www.ghirasalkhaeer.com\/tr\/kuveyt-kamyonlar-kampanyasi-2022\/\" rel=\"bookmark\">Kuveyt Kamyon Kampanyas\u0131 2022<\/a><\/h3>\r\n                           <div class=\"entry-desc\">\r\n                  Dr. Abdullah Al-Maatouq ve Dr. Nabil Al-Aoun&#039;un c\u00f6mert huzurunda ve Al-Salam \u0130nsani ve Hay\u0131rsever \u0130\u015fler               <\/div>   \r\n                     <\/div>\r\n\r\n      <\/div>\r\n   <\/article>   \r\n<\/div>\r\n\r\n  \r\n<div class=\"all gida-destegi \">\r\n   <article id=\"post-6491\" class=\"post post-style-1 post-6491 type-post status-publish format-standard hentry category-gida-destegi\">\r\n      <div class=\"post-thumbnail\">\r\n         <a href=\"https:\/\/www.ghirasalkhaeer.com\/tr\/%d8%ad%d9%85%d9%84%d8%a9-%d8%a5%d9%81%d8%b7%d8%a7%d8%b1-%d8%b5%d8%a7%d8%a6%d9%853-%d8%aa%d9%88%d8%b2%d9%8a%d8%b9-%d8%ad%d8%b5%d8%b5-%d8%a7%d9%84%d8%a5%d9%81%d8%b7%d8%a7%d8%b1-%d8%b9%d9%84%d9%89-7\/\">\r\n                     <\/a>\r\n                     <div class=\"entry-date\">13 Haziran 2016<\/div>\r\n               <\/div>   \r\n\r\n      <div class=\"entry-content\">\r\n         <div class=\"content-inner\">\r\n            <div class=\"entry-meta\">\r\n               <div class=\"clearfix meta-inline post-meta-1\"><span class=\"author vcard\"><i class=\"far fa-user-circle\"><\/i>by&nbsp;Abbas<\/span><span class=\"author-seperate\">\/<\/span><span class=\"post-comment\"><i class=\"far fa-comments\"><\/i>0 comments<\/span><\/div>            <\/div> \r\n            <h3 class=\"entry-title\"><a href=\"https:\/\/www.ghirasalkhaeer.com\/tr\/%d8%ad%d9%85%d9%84%d8%a9-%d8%a5%d9%81%d8%b7%d8%a7%d8%b1-%d8%b5%d8%a7%d8%a6%d9%853-%d8%aa%d9%88%d8%b2%d9%8a%d8%b9-%d8%ad%d8%b5%d8%b5-%d8%a7%d9%84%d8%a5%d9%81%d8%b7%d8%a7%d8%b1-%d8%b9%d9%84%d9%89-7\/\" rel=\"bookmark\">\u0130ftar kampanyas\u0131 3 \/ Arsal&#39;da m\u00fcltecilere iftar kumanyalar\u0131n\u0131n da\u011f\u0131t\u0131m\u0131 \/ 7 Ramazan 1437<\/a><\/h3>\r\n                           <div class=\"entry-desc\">\r\n                  Ghiras Al-Khair \u0130nsani Yard\u0131m Derne\u011fi \u0130ftar Kampanyas\u0131 3 L\u00fcbnan &#8211; Arsal \u0130yilik ve bereket ay\u0131               <\/div>   \r\n                     <\/div>\r\n\r\n      <\/div>\r\n   <\/article>   \r\n<\/div>\r\n\r\n  \r\n<div class=\"all gida-destegi \">\r\n   <article id=\"post-6493\" class=\"post post-style-1 post-6493 type-post status-publish format-standard hentry category-gida-destegi\">\r\n      <div class=\"post-thumbnail\">\r\n         <a href=\"https:\/\/www.ghirasalkhaeer.com\/tr\/%d8%ad%d9%85%d9%84%d8%a9-%d8%a7%d9%81%d8%b7%d8%a7%d8%b1-%d8%b5%d8%a7%d8%a6%d9%85-3-%d8%aa%d9%88%d8%b2%d9%8a%d8%b9-%d8%ad%d8%b5%d8%b5-%d8%a7%d9%84%d8%a5%d9%81%d8%b7%d8%a7%d8%b1-%d8%b9%d9%84%d9%89-3\/\">\r\n                     <\/a>\r\n                     <div class=\"entry-date\">12 Haziran 2016<\/div>\r\n               <\/div>   \r\n\r\n      <div class=\"entry-content\">\r\n         <div class=\"content-inner\">\r\n            <div class=\"entry-meta\">\r\n               <div class=\"clearfix meta-inline post-meta-1\"><span class=\"author vcard\"><i class=\"far fa-user-circle\"><\/i>by&nbsp;Abbas<\/span><span class=\"author-seperate\">\/<\/span><span class=\"post-comment\"><i class=\"far fa-comments\"><\/i>0 comments<\/span><\/div>            <\/div> \r\n            <h3 class=\"entry-title\"><a href=\"https:\/\/www.ghirasalkhaeer.com\/tr\/%d8%ad%d9%85%d9%84%d8%a9-%d8%a7%d9%81%d8%b7%d8%a7%d8%b1-%d8%b5%d8%a7%d8%a6%d9%85-3-%d8%aa%d9%88%d8%b2%d9%8a%d8%b9-%d8%ad%d8%b5%d8%b5-%d8%a7%d9%84%d8%a5%d9%81%d8%b7%d8%a7%d8%b1-%d8%b9%d9%84%d9%89-3\/\" rel=\"bookmark\">\u0130ftar Kampanyas\u0131 3 Arsal kamplar\u0131ndaki m\u00fcltecilere iftar kumanyalar\u0131n\u0131n da\u011f\u0131t\u0131lmas\u0131 6 Ramazan 1437 AH<\/a><\/h3>\r\n                           <div class=\"entry-desc\">\r\n                  Ghiras Al-Khair \u0130nsani Yard\u0131m Derne\u011fi #\u0625\u0641\u0637\u0627\u0631_\u0635\u0627\u0626\u06453 Projesi L\u00fcbnan &#8211; Arsal Kuveyt&#039;teki iyi insanlar\u0131n ba\u011f\u0131\u015flar\u0131yla Arsal&#039;daki               <\/div>   \r\n                     <\/div>\r\n\r\n      <\/div>\r\n   <\/article>   \r\n<\/div>\r\n\r\n  \r\n<div class=\"all gida-destegi \">\r\n   <article id=\"post-6495\" class=\"post post-style-1 post-6495 type-post status-publish format-standard hentry category-gida-destegi\">\r\n      <div class=\"post-thumbnail\">\r\n         <a href=\"https:\/\/www.ghirasalkhaeer.com\/tr\/%d8%ad%d9%85%d9%84%d8%a9-%d8%a5%d9%81%d8%b7%d8%a7%d8%b1-%d8%b5%d8%a7%d8%a6%d9%85-3-%d8%aa%d9%88%d8%b2%d9%8a%d8%b9-%d9%88%d8%ac%d8%a8%d8%a7%d8%aa-%d8%ba%d9%8a%d8%b1-%d9%85%d8%b7%d8%a8%d9%88%d8%ae-3\/\">\r\n                     <\/a>\r\n                     <div class=\"entry-date\">8 Haziran 2016<\/div>\r\n               <\/div>   \r\n\r\n      <div class=\"entry-content\">\r\n         <div class=\"content-inner\">\r\n            <div class=\"entry-meta\">\r\n               <div class=\"clearfix meta-inline post-meta-1\"><span class=\"author vcard\"><i class=\"far fa-user-circle\"><\/i>by&nbsp;Abbas<\/span><span class=\"author-seperate\">\/<\/span><span class=\"post-comment\"><i class=\"far fa-comments\"><\/i>0 comments<\/span><\/div>            <\/div> \r\n            <h3 class=\"entry-title\"><a href=\"https:\/\/www.ghirasalkhaeer.com\/tr\/%d8%ad%d9%85%d9%84%d8%a9-%d8%a5%d9%81%d8%b7%d8%a7%d8%b1-%d8%b5%d8%a7%d8%a6%d9%85-3-%d8%aa%d9%88%d8%b2%d9%8a%d8%b9-%d9%88%d8%ac%d8%a8%d8%a7%d8%aa-%d8%ba%d9%8a%d8%b1-%d9%85%d8%b7%d8%a8%d9%88%d8%ae-3\/\" rel=\"bookmark\">\u0130ftar Kampanyas\u0131 3-Arsal kamplar\u0131na pi\u015fmemi\u015f yemek da\u011f\u0131t\u0131m\u0131 1437-2016<\/a><\/h3>\r\n                           <div class=\"entry-desc\">\r\n                  Ghiras Al-Khair \u0130nsani Yard\u0131m Derne\u011fi \u0130ftar Orucu Kampanyas\u0131 3 L\u00fcbnan &#8211; Arsal Kuveyt&#039;teki iyi insanlardan,               <\/div>   \r\n                     <\/div>\r\n\r\n      <\/div>\r\n   <\/article>   \r\n<\/div>\r\n\r\n  \r\n<div class=\"all gida-destegi \">\r\n   <article id=\"post-6499\" class=\"post post-style-1 post-6499 type-post status-publish format-standard hentry category-gida-destegi\">\r\n      <div class=\"post-thumbnail\">\r\n         <a href=\"https:\/\/www.ghirasalkhaeer.com\/tr\/%d8%ad%d9%85%d9%84%d8%a9-%d8%a5%d9%81%d8%b7%d8%a7%d8%b1-%d8%b5%d8%a7%d8%a6%d9%85-3-%d8%aa%d9%88%d8%b2%d9%8a%d8%b9-%d9%88%d8%ac%d8%a8%d8%a7%d8%aa-%d8%a7%d9%84%d8%a5%d9%81%d8%b7%d8%a7%d8%b1-3\/\">\r\n                     <\/a>\r\n                     <div class=\"entry-date\">6 Haziran 2016<\/div>\r\n               <\/div>   \r\n\r\n      <div class=\"entry-content\">\r\n         <div class=\"content-inner\">\r\n            <div class=\"entry-meta\">\r\n               <div class=\"clearfix meta-inline post-meta-1\"><span class=\"author vcard\"><i class=\"far fa-user-circle\"><\/i>by&nbsp;Abbas<\/span><span class=\"author-seperate\">\/<\/span><span class=\"post-comment\"><i class=\"far fa-comments\"><\/i>0 comments<\/span><\/div>            <\/div> \r\n            <h3 class=\"entry-title\"><a href=\"https:\/\/www.ghirasalkhaeer.com\/tr\/%d8%ad%d9%85%d9%84%d8%a9-%d8%a5%d9%81%d8%b7%d8%a7%d8%b1-%d8%b5%d8%a7%d8%a6%d9%85-3-%d8%aa%d9%88%d8%b2%d9%8a%d8%b9-%d9%88%d8%ac%d8%a8%d8%a7%d8%aa-%d8%a7%d9%84%d8%a5%d9%81%d8%b7%d8%a7%d8%b1-3\/\" rel=\"bookmark\">\u0130ftar Kampanyas\u0131 3- Pi\u015fmemi\u015f \u0130ftar Yemeklerinin Da\u011f\u0131t\u0131m\u0131 Arsal 1437 AH \/ 6-6-2016 AD<\/a><\/h3>\r\n                           <div class=\"entry-desc\">\r\n                  Ghiras Al-Khair \u0130nsani Yard\u0131m Derne\u011fi \u0130ftar kampanyas\u0131 3-1437 AH \/ 6-6-2016 AD L\u00fcbnan &#8211; Arsal               <\/div>   \r\n                     <\/div>\r\n\r\n      <\/div>\r\n   <\/article>   \r\n<\/div>\r\n\r\n  \t\t  <\/div>\r\n\t\t<\/div>\r\n\t\t\t\t\t <div class=\"pagination\">\r\n\t\t\t\t  <div class=\"column one pager_wrapper\"><div class=\"pager\"><div class=\"paginations\"><a href=\"https:\/\/www.ghirasalkhaeer.com\/tr\/wp-json\/wp\/v2\/pages\/6610\/\" class=\"page-item active\">1<\/a><a href=\"https:\/\/www.ghirasalkhaeer.com\/tr\/wp-json\/wp\/v2\/pages\/6610\/page\/2\/\" class=\"page-item\">2<\/a><a href=\"https:\/\/www.ghirasalkhaeer.com\/tr\/wp-json\/wp\/v2\/pages\/6610\/page\/3\/\" class=\"page-item\">3<\/a><a class=\"next_page\" href=\"https:\/\/www.ghirasalkhaeer.com\/tr\/wp-json\/wp\/v2\/pages\/6610\/page\/2\/\"><i class=\"fas fa-chevron-right\"><\/i><\/a><\/div><\/div><\/div>\n\t\t\t <\/div>\r\n\t\t  <\/div>\r\n  <\/div>\t\t\t\t<\/div>\n\t\t\t\t<\/div>\n\t\t\t\t\t<\/div>\n\t\t<\/div>\n\t\t\t\t\t<\/div>\n\t\t<\/section>\n\t\t\t\t<\/div>\n\t\t","protected":false},"excerpt":{"rendered":"<p>August 21, 2022 by\u00a0admin\/0 comments Kurban Bayram\u0131 Projeleri 1443 Dini gelenekleri canland\u0131ran ve kuzey Suriye ve Arsal kamplar\u0131ndaki m\u00fclteci toplulu\u011funu destekleyen Ghiras Alkhair Derne\u011fi, August 21, 2022 by\u00a0admin\/0 comments Ekmekli bir aileye sponsor olmak G\u0131da i\u00e7in temel malzeme oldu\u011fu i\u00e7in ve bu malzemenin ciddi k\u0131tl\u0131\u011f\u0131 ve fiyat\u0131ndaki art\u0131\u015f nedeniyle, August 21, 2022 by\u00a0admin\/0 comments Ramazan [&hellip;]<\/p>\n","protected":false},"author":1,"featured_media":1641,"parent":0,"menu_order":0,"comment_status":"closed","ping_status":"closed","template":"","meta":{"_acf_changed":false,"footnotes":""},"class_list":["post-6610","page","type-page","status-publish","has-post-thumbnail","hentry"],"acf":[],"language":null,"_links":{"self":[{"href":"https:\/\/www.ghirasalkhaeer.com\/tr\/wp-json\/wp\/v2\/pages\/6610","targetHints":{"allow":["GET"]}}],"collection":[{"href":"https:\/\/www.ghirasalkhaeer.com\/tr\/wp-json\/wp\/v2\/pages"}],"about":[{"href":"https:\/\/www.ghirasalkhaeer.com\/tr\/wp-json\/wp\/v2\/types\/page"}],"author":[{"embeddable":true,"href":"https:\/\/www.ghirasalkhaeer.com\/tr\/wp-json\/wp\/v2\/users\/1"}],"replies":[{"embeddable":true,"href":"https:\/\/www.ghirasalkhaeer.com\/tr\/wp-json\/wp\/v2\/comments?post=6610"}],"version-history":[{"count":9,"href":"https:\/\/www.ghirasalkhaeer.com\/tr\/wp-json\/wp\/v2\/pages\/6610\/revisions"}],"predecessor-version":[{"id":13735,"href":"https:\/\/www.ghirasalkhaeer.com\/tr\/wp-json\/wp\/v2\/pages\/6610\/revisions\/13735"}],"wp:featuredmedia":[{"embeddable":true,"href":"https:\/\/www.ghirasalkhaeer.com\/tr\/wp-json\/wp\/v2\/media\/1641"}],"wp:attachment":[{"href":"https:\/\/www.ghirasalkhaeer.com\/tr\/wp-json\/wp\/v2\/media?parent=6610"}],"curies":[{"name":"wp","href":"https:\/\/api.w.org\/{rel}","templated":true}]}}