{"id":6595,"date":"2022-11-20T14:44:44","date_gmt":"2022-11-20T11:44:44","guid":{"rendered":"https:\/\/www.ghirasalkhaeer.com\/?page_id=6595"},"modified":"2024-10-24T14:53:28","modified_gmt":"2024-10-24T11:53:28","slug":"heberler","status":"publish","type":"page","link":"https:\/\/www.ghirasalkhaeer.com\/tr\/heberler\/","title":{"rendered":"Heberler"},"content":{"rendered":"\t\t<div data-elementor-type=\"wp-page\" data-elementor-id=\"6595\" class=\"elementor elementor-6595 elementor-4694\" data-elementor-post-type=\"page\">\n\t\t\t\t\t\t<section class=\"elementor-section elementor-top-section elementor-element elementor-element-7be9eb6 elementor-section-boxed elementor-section-height-default elementor-section-height-default row-top\" data-id=\"7be9eb6\" data-element_type=\"section\" data-e-type=\"section\">\n\t\t\t\t\t\t<div class=\"elementor-container elementor-column-gap-default\">\n\t\t\t\t\t<div class=\"elementor-column elementor-col-100 elementor-top-column elementor-element elementor-element-3efa582 column-style-top\" data-id=\"3efa582\" data-element_type=\"column\" data-e-type=\"column\">\n\t\t\t<div class=\"elementor-widget-wrap elementor-element-populated\">\n\t\t\t\t\t\t<div class=\"elementor-element elementor-element-17fbeeb small-size-post-grid elementor-widget elementor-widget-gva-posts\" data-id=\"17fbeeb\" data-element_type=\"widget\" data-e-type=\"widget\" data-widget_type=\"gva-posts.default\">\n\t\t\t\t<div class=\"elementor-widget-container\">\n\t\t\t\t\t<div class=\"gva-element-gva-posts gva-element\">  \r\n  <div class=\"gva-posts-grid clearfix gva-posts\">\r\n\t\t<div class=\"gva-content-items\"> \r\n\t\t  <div class=\"lg-block-grid-3 md-block-grid-3 sm-block-grid-2 xs-block-grid-1 xx-block-grid-1\">\r\n\t\t\t \r\n<div class=\"all kampanyalar \">\r\n   <article id=\"post-7494\" class=\"post post-style-1 post-7494 type-post status-publish format-standard has-post-thumbnail hentry category-kampanyalar tag-dernek tag-ghiras tag-ramazan tag-suriye tag-suriyeli\">\r\n      <div class=\"post-thumbnail\">\r\n         <a href=\"https:\/\/www.ghirasalkhaeer.com\/tr\/insanlarin-en-iyileri-11-ramazanda-unutulan-yerinden-edilenlere-yardim-etmeye-hazirlaniyor\/\">\r\n            <img fetchpriority=\"high\" decoding=\"async\" width=\"600\" height=\"445\" src=\"https:\/\/www.ghirasalkhaeer.com\/wp-content\/uploads\/2024\/02\/\u0631\u0645\u0636\u0627\u0646-\u062a\u0628\u0631\u0639\u0627\u062a-600x445.jpg\" class=\"attachment-halpes_medium size-halpes_medium wp-post-image\" alt=\"&#8220;\u0130nsanlar\u0131n en \u0130yileri 11&#8221;.. Ramazan\u2019da unutulan yerinden edilenlere yard\u0131m etmeye\u00a0haz\u0131rlan\u0131yor\" title=\"\">         <\/a>\r\n                     <div class=\"entry-date\">18 \u015eubat 2024<\/div>\r\n               <\/div>   \r\n\r\n      <div class=\"entry-content\">\r\n         <div class=\"content-inner\">\r\n            <div class=\"entry-meta\">\r\n               <div class=\"clearfix meta-inline post-meta-1\"><span class=\"author vcard\"><i class=\"far fa-user-circle\"><\/i>by&nbsp;Louay Rhebani<\/span><span class=\"author-seperate\">\/<\/span><span class=\"post-comment\"><i class=\"far fa-comments\"><\/i>0 comments<\/span><\/div>            <\/div> \r\n            <h3 class=\"entry-title\"><a href=\"https:\/\/www.ghirasalkhaeer.com\/tr\/insanlarin-en-iyileri-11-ramazanda-unutulan-yerinden-edilenlere-yardim-etmeye-hazirlaniyor\/\" rel=\"bookmark\">&#8220;\u0130nsanlar\u0131n en \u0130yileri 11&#8221;.. Ramazan\u2019da unutulan yerinden edilenlere yard\u0131m etmeye\u00a0haz\u0131rlan\u0131yor<\/a><\/h3>\r\n                           <div class=\"entry-desc\">\r\n                  \u0623\u0648 \u0639\u0628\u0631 \u062d\u0648\u0627\u0644\u0629 \u0628\u0646\u0643\u064a\u0629 \u0644\u062d\u0633\u0627\u0628 \u0645\u0646\u0638\u0645\u062a\u0646\u0627 \/ Veya kurulu\u015fumuzun hesab\u0131na banka havalesi yoluyla Account No               <\/div>   \r\n                     <\/div>\r\n\r\n      <\/div>\r\n   <\/article>   \r\n<\/div>\r\n\r\n  \r\n<div class=\"all ev-saglama-destegi genel-destek \">\r\n   <article id=\"post-8013\" class=\"post post-style-1 post-8013 type-post status-publish format-standard has-post-thumbnail hentry category-ev-saglama-destegi category-genel-destek\">\r\n      <div class=\"post-thumbnail\">\r\n         <a href=\"https:\/\/www.ghirasalkhaeer.com\/tr\/multeci-kamplarinda-yangin-riski\/\">\r\n            <img decoding=\"async\" width=\"600\" height=\"445\" src=\"https:\/\/www.ghirasalkhaeer.com\/wp-content\/uploads\/2024\/02\/jjjj-1-600x445.jpg\" class=\"attachment-halpes_medium size-halpes_medium wp-post-image\" alt=\"M\u00fclteci Kamplar\u0131nda Yang\u0131n Riski\" title=\"\">         <\/a>\r\n                     <div class=\"entry-date\">5 \u015eubat 2024<\/div>\r\n               <\/div>   \r\n\r\n      <div class=\"entry-content\">\r\n         <div class=\"content-inner\">\r\n            <div class=\"entry-meta\">\r\n               <div class=\"clearfix meta-inline post-meta-1\"><span class=\"author vcard\"><i class=\"far fa-user-circle\"><\/i>by&nbsp;admin<\/span><span class=\"author-seperate\">\/<\/span><span class=\"post-comment\"><i class=\"far fa-comments\"><\/i>0 comments<\/span><\/div>            <\/div> \r\n            <h3 class=\"entry-title\"><a href=\"https:\/\/www.ghirasalkhaeer.com\/tr\/multeci-kamplarinda-yangin-riski\/\" rel=\"bookmark\">M\u00fclteci Kamplar\u0131nda Yang\u0131n Riski<\/a><\/h3>\r\n                           <div class=\"entry-desc\">\r\n                  \u063a\u0631\u0627\u0633 \u062a\u062f\u0627\u0648\u064a \u062c\u0631\u0627\u062d \u0627\u0644\u0645\u062a\u0636\u0631\u0631\u064a\u0646 \u0645\u0646 \u062d\u0631\u064a\u0642 \u0627\u0644\u062e\u064a\u0627\u0645 \u0644\u0645 \u062a\u0643\u0646 \u0644\u064a\u0644\u0629 \u0627\u0644\u0633\u064a\u062f \u0639\u0628\u062f \u0627\u0644\u0644\u0647 \u062c\u0645\u0639\u0629 \u0644\u064a\u0644\u0629\u064b               <\/div>   \r\n                     <\/div>\r\n\r\n      <\/div>\r\n   <\/article>   \r\n<\/div>\r\n\r\n  \r\n<div class=\"all egitim ev-saglama-destegi genel-destek gida-destegi insani-durumlar saglik-destegi savunmasizlara-sponsorluk su-ve-cevre-korumasi raporlar \">\r\n   <article id=\"post-8016\" class=\"post post-style-1 post-8016 type-post status-publish format-standard has-post-thumbnail hentry category-egitim category-ev-saglama-destegi category-genel-destek category-gida-destegi category-insani-durumlar category-saglik-destegi category-savunmasizlara-sponsorluk category-su-ve-cevre-korumasi category-raporlar\">\r\n      <div class=\"post-thumbnail\">\r\n         <a href=\"https:\/\/www.ghirasalkhaeer.com\/tr\/giras-projelerinden-600-bin-kisiden-fazla-faydalandi\/\">\r\n            <img decoding=\"async\" width=\"600\" height=\"445\" src=\"https:\/\/www.ghirasalkhaeer.com\/wp-content\/uploads\/2024\/01\/IMG_4053-600x445.jpg\" class=\"attachment-halpes_medium size-halpes_medium wp-post-image\" alt=\"Giras Projelerinden 600 Bin Ki\u015fiden Fazla Faydaland\u0131\" title=\"\">         <\/a>\r\n                     <div class=\"entry-date\">21 Ocak 2024<\/div>\r\n               <\/div>   \r\n\r\n      <div class=\"entry-content\">\r\n         <div class=\"content-inner\">\r\n            <div class=\"entry-meta\">\r\n               <div class=\"clearfix meta-inline post-meta-1\"><span class=\"author vcard\"><i class=\"far fa-user-circle\"><\/i>by&nbsp;admin<\/span><span class=\"author-seperate\">\/<\/span><span class=\"post-comment\"><i class=\"far fa-comments\"><\/i>0 comments<\/span><\/div>            <\/div> \r\n            <h3 class=\"entry-title\"><a href=\"https:\/\/www.ghirasalkhaeer.com\/tr\/giras-projelerinden-600-bin-kisiden-fazla-faydalandi\/\" rel=\"bookmark\">Giras Projelerinden 600 Bin Ki\u015fiden Fazla Faydaland\u0131<\/a><\/h3>\r\n                           <div class=\"entry-desc\">\r\n                  \u0642\u062f\u0645\u062a \u062c\u0645\u0639\u064a\u0629 \u063a\u0631\u0627\u0633 \u0627\u0644\u062e\u064a\u0631 \u0627\u0644\u0625\u0646\u0633\u0627\u0646\u064a\u0629\u060c \u0641\u064a \u0639\u0627\u0645 2023\u060c \u0627\u0644\u0645\u0633\u0627\u0639\u062f\u0627\u062a \u0627\u0644\u0625\u0646\u0633\u0627\u0646\u064a\u0629 \u0644\u0623\u0643\u062b\u0631 \u0645\u0646 \u0646\u0635\u0641 \u0645\u0644\u064a\u0648\u0646 \u0634\u062e\u0635               <\/div>   \r\n                     <\/div>\r\n\r\n      <\/div>\r\n   <\/article>   \r\n<\/div>\r\n\r\n  \r\n<div class=\"all kampanyalar \">\r\n   <article id=\"post-7175\" class=\"post post-style-1 post-7175 type-post status-publish format-standard has-post-thumbnail hentry category-kampanyalar tag-bagiscilar tag-bagislar tag-kampanya tag-kis tag-suriye tag-suriyeli tag-yagmur\">\r\n      <div class=\"post-thumbnail\">\r\n         <a href=\"https:\/\/www.ghirasalkhaeer.com\/tr\/7175\/\">\r\n            <img loading=\"lazy\" decoding=\"async\" width=\"600\" height=\"445\" src=\"https:\/\/www.ghirasalkhaeer.com\/wp-content\/uploads\/2023\/11\/78-02-02-600x445.jpg\" class=\"attachment-halpes_medium size-halpes_medium wp-post-image\" alt=\"Il\u0131k K\u0131\u015f Kampanyas\u0131 10\" title=\"\">         <\/a>\r\n                     <div class=\"entry-date\">16 Kas\u0131m 2023<\/div>\r\n               <\/div>   \r\n\r\n      <div class=\"entry-content\">\r\n         <div class=\"content-inner\">\r\n            <div class=\"entry-meta\">\r\n               <div class=\"clearfix meta-inline post-meta-1\"><span class=\"author vcard\"><i class=\"far fa-user-circle\"><\/i>by&nbsp;Louay Rhebani<\/span><span class=\"author-seperate\">\/<\/span><span class=\"post-comment\"><i class=\"far fa-comments\"><\/i>0 comments<\/span><\/div>            <\/div> \r\n            <h3 class=\"entry-title\"><a href=\"https:\/\/www.ghirasalkhaeer.com\/tr\/7175\/\" rel=\"bookmark\">Il\u0131k K\u0131\u015f Kampanyas\u0131 10<\/a><\/h3>\r\n                           <div class=\"entry-desc\">\r\n                  Veya kurulu\u015fumuzun hesab\u0131na banka havalesi yoluyla Account No 146567 Swift ZKBATRIS IBAN TL TR53 0020               <\/div>   \r\n                     <\/div>\r\n\r\n      <\/div>\r\n   <\/article>   \r\n<\/div>\r\n\r\n  \r\n<div class=\"all kampanyalar gida-destegi \">\r\n   <article id=\"post-7068\" class=\"post post-style-1 post-7068 type-post status-publish format-standard has-post-thumbnail hentry category-kampanyalar category-gida-destegi tag-bayrami tag-kurban tag-kurban-bayrami\">\r\n      <div class=\"post-thumbnail\">\r\n         <a href=\"https:\/\/www.ghirasalkhaeer.com\/tr\/kurban-bayrami-kampanyasi-10\/\">\r\n            <img loading=\"lazy\" decoding=\"async\" width=\"600\" height=\"445\" src=\"https:\/\/www.ghirasalkhaeer.com\/wp-content\/uploads\/2023\/06\/\u0645\u0648\u0642\u0639-\u063a\u0644\u0627\u0641-\u062a\u0631\u0643\u064a-600x445.jpg\" class=\"attachment-halpes_medium size-halpes_medium wp-post-image\" alt=\"Kurban Bayram\u0131 kampanyas\u0131 \u201c10\u201d\" title=\"\">         <\/a>\r\n                     <div class=\"entry-date\">1 Haziran 2023<\/div>\r\n               <\/div>   \r\n\r\n      <div class=\"entry-content\">\r\n         <div class=\"content-inner\">\r\n            <div class=\"entry-meta\">\r\n               <div class=\"clearfix meta-inline post-meta-1\"><span class=\"author vcard\"><i class=\"far fa-user-circle\"><\/i>by&nbsp;admin<\/span><span class=\"author-seperate\">\/<\/span><span class=\"post-comment\"><i class=\"far fa-comments\"><\/i>0 comments<\/span><\/div>            <\/div> \r\n            <h3 class=\"entry-title\"><a href=\"https:\/\/www.ghirasalkhaeer.com\/tr\/kurban-bayrami-kampanyasi-10\/\" rel=\"bookmark\">Kurban Bayram\u0131 kampanyas\u0131 \u201c10\u201d<\/a><\/h3>\r\n                           <div class=\"entry-desc\">\r\n                  Kurban Bayram\u0131 kampanyas\u0131 \u201c10\u201d \u0130nsani Hayir Kalk\u0131nd\u0131rma Derne\u011fi taraf\u0131ndan, Suriye&#039;nin kuzeyindeki yerinden edilmi\u015f insanlar\u0131m\u0131z aras\u0131ndaki               <\/div>   \r\n                     <\/div>\r\n\r\n      <\/div>\r\n   <\/article>   \r\n<\/div>\r\n\r\n  \r\n<div class=\"all kampanyalar \">\r\n   <article id=\"post-5983\" class=\"post post-style-1 post-5983 type-post status-publish format-standard hentry category-kampanyalar\">\r\n      <div class=\"post-thumbnail\">\r\n         <a href=\"https:\/\/www.ghirasalkhaeer.com\/tr\/%d8%b4%d8%aa%d8%a7%d8%a1-%d8%af%d8%a7%d9%81%d8%a6-9-3\/\">\r\n                     <\/a>\r\n                     <div class=\"entry-date\">17 Kas\u0131m 2022<\/div>\r\n               <\/div>   \r\n\r\n      <div class=\"entry-content\">\r\n         <div class=\"content-inner\">\r\n            <div class=\"entry-meta\">\r\n               <div class=\"clearfix meta-inline post-meta-1\"><span class=\"author vcard\"><i class=\"far fa-user-circle\"><\/i>by&nbsp;admin<\/span><span class=\"author-seperate\">\/<\/span><span class=\"post-comment\"><i class=\"far fa-comments\"><\/i>0 comments<\/span><\/div>            <\/div> \r\n            <h3 class=\"entry-title\"><a href=\"https:\/\/www.ghirasalkhaeer.com\/tr\/%d8%b4%d8%aa%d8%a7%d8%a1-%d8%af%d8%a7%d9%81%d8%a6-9-3\/\" rel=\"bookmark\">&quot;S\u0131cak K\u0131\u015f 9&quot; Kampanyas\u0131<\/a><\/h3>\r\n                           <div class=\"entry-desc\">\r\n                  K\u0131\u015f, t\u00fcm Suriyeliler i\u00e7in bir iyilik, s\u0131cakl\u0131k ve samimiyet mevsimi anlam\u0131na geliyordu, \u00f6yle ki 9               <\/div>   \r\n                     <\/div>\r\n\r\n      <\/div>\r\n   <\/article>   \r\n<\/div>\r\n\r\n  \r\n<div class=\"all insani-durumlar \">\r\n   <article id=\"post-6277\" class=\"post post-style-1 post-6277 type-post status-publish format-standard has-post-thumbnail hentry category-insani-durumlar\">\r\n      <div class=\"post-thumbnail\">\r\n         <a href=\"https:\/\/www.ghirasalkhaeer.com\/tr\/suleyman-el-caur-kim-yarali-suriyede\/\">\r\n            <img loading=\"lazy\" decoding=\"async\" width=\"600\" height=\"355\" src=\"https:\/\/www.ghirasalkhaeer.com\/wp-content\/uploads\/2024\/09\/loil-600x355.jpg\" class=\"attachment-halpes_medium size-halpes_medium wp-post-image\" alt=\"Suriye&#039;de Yaralanan S\u00fcleyman El-Nur\" title=\"\">         <\/a>\r\n                     <div class=\"entry-date\">2 Ekim 2022<\/div>\r\n               <\/div>   \r\n\r\n      <div class=\"entry-content\">\r\n         <div class=\"content-inner\">\r\n            <div class=\"entry-meta\">\r\n               <div class=\"clearfix meta-inline post-meta-1\"><span class=\"author vcard\"><i class=\"far fa-user-circle\"><\/i>by&nbsp;admin<\/span><span class=\"author-seperate\">\/<\/span><span class=\"post-comment\"><i class=\"far fa-comments\"><\/i>0 comments<\/span><\/div>            <\/div> \r\n            <h3 class=\"entry-title\"><a href=\"https:\/\/www.ghirasalkhaeer.com\/tr\/suleyman-el-caur-kim-yarali-suriyede\/\" rel=\"bookmark\">Suriye&#39;de Yaralanan S\u00fcleyman El-Nur<\/a><\/h3>\r\n                           <div class=\"entry-desc\">\r\n                  S\u00fcleyman El Cadur Suriye&#039;de yaraland\u0131, uzuvlar\u0131n\u0131 kaybetti ve \u00f6zellikle zorlu kamp ko\u015fullar\u0131nda hareket etmekte zorland\u0131.               <\/div>   \r\n                     <\/div>\r\n\r\n      <\/div>\r\n   <\/article>   \r\n<\/div>\r\n\r\n  \r\n<div class=\"all kampanyalar \">\r\n   <article id=\"post-6279\" class=\"post post-style-1 post-6279 type-post status-publish format-standard hentry category-kampanyalar\">\r\n      <div class=\"post-thumbnail\">\r\n         <a href=\"https:\/\/www.ghirasalkhaeer.com\/tr\/sicak-kis-kampanyasi-8\/\">\r\n                     <\/a>\r\n                     <div class=\"entry-date\">27 Eyl\u00fcl 2022<\/div>\r\n               <\/div>   \r\n\r\n      <div class=\"entry-content\">\r\n         <div class=\"content-inner\">\r\n            <div class=\"entry-meta\">\r\n               <div class=\"clearfix meta-inline post-meta-1\"><span class=\"author vcard\"><i class=\"far fa-user-circle\"><\/i>by&nbsp;admin<\/span><span class=\"author-seperate\">\/<\/span><span class=\"post-comment\"><i class=\"far fa-comments\"><\/i>0 comments<\/span><\/div>            <\/div> \r\n            <h3 class=\"entry-title\"><a href=\"https:\/\/www.ghirasalkhaeer.com\/tr\/sicak-kis-kampanyasi-8\/\" rel=\"bookmark\">S\u0131cak K\u0131\u015f Kampanyas\u0131 8<\/a><\/h3>\r\n                           <div class=\"entry-desc\">\r\n                  Ghiras, Suriye&#039;nin kuzeyindeki kamplardaki m\u00fcltecilere g\u0131da paketleri da\u011f\u0131tmak i\u00e7in yeni bir kampanya ba\u015flat\u0131yor. K\u00fc\u00e7\u00fck bir               <\/div>   \r\n                     <\/div>\r\n\r\n      <\/div>\r\n   <\/article>   \r\n<\/div>\r\n\r\n  \r\n<div class=\"all gida-destegi \">\r\n   <article id=\"post-6282\" class=\"post post-style-1 post-6282 type-post status-publish format-standard hentry category-gida-destegi\">\r\n      <div class=\"post-thumbnail\">\r\n         <a href=\"https:\/\/www.ghirasalkhaeer.com\/tr\/kurban-bayrami-projeleri-1443\/\">\r\n                     <\/a>\r\n                     <div class=\"entry-date\">21 A\u011fustos 2022<\/div>\r\n               <\/div>   \r\n\r\n      <div class=\"entry-content\">\r\n         <div class=\"content-inner\">\r\n            <div class=\"entry-meta\">\r\n               <div class=\"clearfix meta-inline post-meta-1\"><span class=\"author vcard\"><i class=\"far fa-user-circle\"><\/i>by&nbsp;admin<\/span><span class=\"author-seperate\">\/<\/span><span class=\"post-comment\"><i class=\"far fa-comments\"><\/i>0 comments<\/span><\/div>            <\/div> \r\n            <h3 class=\"entry-title\"><a href=\"https:\/\/www.ghirasalkhaeer.com\/tr\/kurban-bayrami-projeleri-1443\/\" rel=\"bookmark\">Kurban Bayram\u0131 Projeleri 1443<\/a><\/h3>\r\n                           <div class=\"entry-desc\">\r\n                  Dini gelenekleri canland\u0131ran ve kuzey Suriye ve Arsal kamplar\u0131ndaki m\u00fclteci toplulu\u011funu destekleyen Ghiras Alkhair Derne\u011fi,               <\/div>   \r\n                     <\/div>\r\n\r\n      <\/div>\r\n   <\/article>   \r\n<\/div>\r\n\r\n  \t\t  <\/div>\r\n\t\t<\/div>\r\n\t\t\t\t\t <div class=\"pagination\">\r\n\t\t\t\t  <div class=\"column one pager_wrapper\"><div class=\"pager\"><div class=\"paginations\"><a href=\"https:\/\/www.ghirasalkhaeer.com\/tr\/wp-json\/wp\/v2\/pages\/6595\/\" class=\"page-item active\">1<\/a><a href=\"https:\/\/www.ghirasalkhaeer.com\/tr\/wp-json\/wp\/v2\/pages\/6595\/page\/2\/\" class=\"page-item\">2<\/a><a href=\"https:\/\/www.ghirasalkhaeer.com\/tr\/wp-json\/wp\/v2\/pages\/6595\/page\/3\/\" class=\"page-item\">3<\/a><span class=\"page-item\">... <\/span><a href=\"https:\/\/www.ghirasalkhaeer.com\/tr\/wp-json\/wp\/v2\/pages\/6595\/page\/6\/\" class=\"page-item\">6<\/a><a class=\"next_page\" href=\"https:\/\/www.ghirasalkhaeer.com\/tr\/wp-json\/wp\/v2\/pages\/6595\/page\/2\/\"><i class=\"fas fa-chevron-right\"><\/i><\/a><\/div><\/div><\/div>\n\t\t\t <\/div>\r\n\t\t  <\/div>\r\n  <\/div>\t\t\t\t<\/div>\n\t\t\t\t<\/div>\n\t\t\t\t\t<\/div>\n\t\t<\/div>\n\t\t\t\t\t<\/div>\n\t\t<\/section>\n\t\t\t\t<\/div>\n\t\t","protected":false},"excerpt":{"rendered":"<p>March 5, 2024 by&nbsp;Louay Rhebani\/0 comments &#8220;\u0130nsanlar\u0131n en \u0130yileri 11&#8221;.. Ramazan\u2019da unutulan yerinden edilenlere yard\u0131m etmeye\u00a0haz\u0131rlan\u0131yor \u0623\u0648 \u0639\u0628\u0631 \u062d\u0648\u0627\u0644\u0629 \u0628\u0646\u0643\u064a\u0629 \u0644\u062d\u0633\u0627\u0628 \u0645\u0646\u0638\u0645\u062a\u0646\u0627 \/ Veya kurulu\u015fumuzun hesab\u0131na banka havalesi yoluyla Account No November 16, 2023 by&nbsp;Louay Rhebani\/0 comments Il\u0131k K\u0131\u015f Kampanyas\u0131 10 Veya kurulu\u015fumuzun hesab\u0131na banka havalesi yoluyla Account No 146567 Swift ZKBATRIS IBAN TL TR53 [&hellip;]<\/p>\n","protected":false},"author":1,"featured_media":0,"parent":0,"menu_order":0,"comment_status":"closed","ping_status":"closed","template":"","meta":{"_acf_changed":false,"footnotes":""},"class_list":["post-6595","page","type-page","status-publish","hentry"],"acf":[],"language":null,"_links":{"self":[{"href":"https:\/\/www.ghirasalkhaeer.com\/tr\/wp-json\/wp\/v2\/pages\/6595","targetHints":{"allow":["GET"]}}],"collection":[{"href":"https:\/\/www.ghirasalkhaeer.com\/tr\/wp-json\/wp\/v2\/pages"}],"about":[{"href":"https:\/\/www.ghirasalkhaeer.com\/tr\/wp-json\/wp\/v2\/types\/page"}],"author":[{"embeddable":true,"href":"https:\/\/www.ghirasalkhaeer.com\/tr\/wp-json\/wp\/v2\/users\/1"}],"replies":[{"embeddable":true,"href":"https:\/\/www.ghirasalkhaeer.com\/tr\/wp-json\/wp\/v2\/comments?post=6595"}],"version-history":[{"count":8,"href":"https:\/\/www.ghirasalkhaeer.com\/tr\/wp-json\/wp\/v2\/pages\/6595\/revisions"}],"predecessor-version":[{"id":7940,"href":"https:\/\/www.ghirasalkhaeer.com\/tr\/wp-json\/wp\/v2\/pages\/6595\/revisions\/7940"}],"wp:attachment":[{"href":"https:\/\/www.ghirasalkhaeer.com\/tr\/wp-json\/wp\/v2\/media?parent=6595"}],"curies":[{"name":"wp","href":"https:\/\/api.w.org\/{rel}","templated":true}]}}