{"id":6586,"date":"2022-11-21T22:12:10","date_gmt":"2022-11-21T19:12:10","guid":{"rendered":"https:\/\/www.ghirasalkhaeer.com\/?page_id=6586"},"modified":"2024-04-23T13:49:25","modified_gmt":"2024-04-23T10:49:25","slug":"hakkimizda","status":"publish","type":"page","link":"https:\/\/www.ghirasalkhaeer.com\/tr\/hakkimizda\/","title":{"rendered":"Hakk\u0131m\u0131zda"},"content":{"rendered":"\t\t<div data-elementor-type=\"wp-page\" data-elementor-id=\"6586\" class=\"elementor elementor-6586 elementor-5206\" data-elementor-post-type=\"page\">\n\t\t\t\t\t\t<section class=\"elementor-section elementor-top-section elementor-element elementor-element-3b40598 elementor-section-boxed elementor-section-height-default elementor-section-height-default row-top\" data-id=\"3b40598\" data-element_type=\"section\" data-e-type=\"section\">\n\t\t\t\t\t\t<div class=\"elementor-container elementor-column-gap-default\">\n\t\t\t\t\t<div class=\"elementor-column elementor-col-50 elementor-top-column elementor-element elementor-element-2bd6292 column-style-top\" data-id=\"2bd6292\" data-element_type=\"column\" data-e-type=\"column\">\n\t\t\t<div class=\"elementor-widget-wrap elementor-element-populated\">\n\t\t\t\t\t\t<div class=\"elementor-element elementor-element-fb35f47 text-center elementor-widget elementor-widget-gva-image-content\" data-id=\"fb35f47\" data-element_type=\"widget\" data-e-type=\"widget\" data-widget_type=\"gva-image-content.default\">\n\t\t\t\t<div class=\"elementor-widget-container\">\n\t\t\t\t\t<div class=\"gva-element-gva-image-content gva-element\">\t\t\r\n\t  \r\n\t \r\n\t\t\t<div class=\"gsc-image-content skin-v2\">\r\n\t\t\t\t\t\t\t<div class=\"image\">\r\n\t\t\t\t\t <img fetchpriority=\"high\" decoding=\"async\" width=\"510\" height=\"564\" src=\"https:\/\/www.ghirasalkhaeer.com\/wp-content\/uploads\/2022\/09\/refugee-child-in-camp-510x564-1.jpg\" class=\"attachment-full size-full wp-image-2373\" alt=\"\" title=\"\">\t\t\t\t<\/div>\r\n\t\t\t\t\t\t<div class=\"box-content\">\r\n\t\t\t\t\t\t\t\t\t<h2 class=\"title\">\r\n\t\t\t\t\t\t <span>Disadvantajl\u0131 Toplumlar\u0131n<\/span> G\u00fcvendi\u011fi Dernek \t\t\t\t\t<\/h2>\r\n\t\t\t\t\t\t\t\t<div class=\"desc\"><\/div>\r\n\t\t\t<\/div>  \r\n\t\t\t\t\t\t \t\t\t  <a href=\"#\" class=\"link-overlay\"><\/a>\r\n\t\t  \t\t\t\t\t<\/div>\r\n\t \r\n\r\n\t\r\n <\/div>\t\t\t\t<\/div>\n\t\t\t\t<\/div>\n\t\t\t\t\t<\/div>\n\t\t<\/div>\n\t\t\t\t<div class=\"elementor-column elementor-col-50 elementor-top-column elementor-element elementor-element-75333cc column-style-top\" data-id=\"75333cc\" data-element_type=\"column\" data-e-type=\"column\">\n\t\t\t<div class=\"elementor-widget-wrap elementor-element-populated\">\n\t\t\t\t\t\t<div class=\"elementor-element elementor-element-e5082b5 elementor-widget elementor-widget-gva-heading-block\" data-id=\"e5082b5\" data-element_type=\"widget\" data-e-type=\"widget\" data-widget_type=\"gva-heading-block.default\">\n\t\t\t\t<div class=\"elementor-widget-container\">\n\t\t\t\t\t<div class=\"gva-element-gva-heading-block gva-element\">   <div class=\"align-left style-1 widget gsc-heading box-align-left auto-responsive\">\r\n      <div class=\"content-inner\">\r\n         \r\n                  \r\n                     <div class=\"sub-title\"><span>Hakk\u0131m\u0131zda<\/span><\/div>\r\n           \r\n         \r\n                     <h2 class=\"title\">\r\n               <span>Giras, \u0130nsani Hayir Kalk\u0131nd\u0131rma Derne\u011fi<\/span>\r\n            <\/h2>\r\n                              <div class=\"title-desc\">Biz, dezavantajl\u0131 topluluklar\u0131n \u00fcyelerine bak\u0131m ve yard\u0131m sa\u011flama, bu topluluklarda s\u00fcrd\u00fcr\u00fclebilir kalk\u0131nmay\u0131 sa\u011flama alan\u0131nda \u00e7al\u0131\u015fan bir sivil toplum sivil toplum kurulu\u015fuyuz.<\/div>\r\n         \r\n         \r\n      <\/div>\r\n   <\/div>\r\n<\/div>\t\t\t\t<\/div>\n\t\t\t\t<\/div>\n\t\t\t\t<div class=\"elementor-element elementor-element-54c5c9f elementor-widget elementor-widget-heading\" data-id=\"54c5c9f\" data-element_type=\"widget\" data-e-type=\"widget\" data-widget_type=\"heading.default\">\n\t\t\t\t<div class=\"elementor-widget-container\">\n\t\t\t\t\t<h2 class=\"elementor-heading-title elementor-size-default\">Giras, Uluslararas\u0131 \u00e7apta etki yapmaya \u00e7al\u0131\u015fan bir dernektir<\/h2>\t\t\t\t<\/div>\n\t\t\t\t<\/div>\n\t\t\t\t<div class=\"elementor-element elementor-element-d1dc4c2 elementor-widget elementor-widget-progress\" data-id=\"d1dc4c2\" data-element_type=\"widget\" data-e-type=\"widget\" data-widget_type=\"progress.default\">\n\t\t\t\t<div class=\"elementor-widget-container\">\n\t\t\t\t\t\t\t\t<span class=\"elementor-title\" id=\"elementor-progress-bar-d1dc4c2\">\n\t\t\t\tBa\u015far\u0131l\u0131 Projeler\t\t\t<\/span>\n\t\t\n\t\t<div aria-labelledby=\"elementor-progress-bar-d1dc4c2\" class=\"elementor-progress-wrapper\" role=\"progressbar\" aria-valuemin=\"0\" aria-valuemax=\"100\" aria-valuenow=\"90\">\n\t\t\t<div class=\"elementor-progress-bar\" data-max=\"90\">\n\t\t\t\t<span class=\"elementor-progress-text\"><\/span>\n\t\t\t\t\t\t\t\t\t<span class=\"elementor-progress-percentage\">90%<\/span>\n\t\t\t\t\t\t\t<\/div>\n\t\t<\/div>\n\t\t\t\t\t\t<\/div>\n\t\t\t\t<\/div>\n\t\t\t\t<div class=\"elementor-element elementor-element-4fcb887 elementor-widget elementor-widget-progress\" data-id=\"4fcb887\" data-element_type=\"widget\" data-e-type=\"widget\" data-widget_type=\"progress.default\">\n\t\t\t\t<div class=\"elementor-widget-container\">\n\t\t\t\t\t\t\t\t<span class=\"elementor-title\" id=\"elementor-progress-bar-4fcb887\">\n\t\t\t\tSponsorluk Sa\u011flanan Vakalar\t\t\t<\/span>\n\t\t\n\t\t<div aria-labelledby=\"elementor-progress-bar-4fcb887\" class=\"elementor-progress-wrapper\" role=\"progressbar\" aria-valuemin=\"0\" aria-valuemax=\"100\" aria-valuenow=\"76\">\n\t\t\t<div class=\"elementor-progress-bar\" data-max=\"76\">\n\t\t\t\t<span class=\"elementor-progress-text\"><\/span>\n\t\t\t\t\t\t\t\t\t<span class=\"elementor-progress-percentage\">76%<\/span>\n\t\t\t\t\t\t\t<\/div>\n\t\t<\/div>\n\t\t\t\t\t\t<\/div>\n\t\t\t\t<\/div>\n\t\t\t\t\t<\/div>\n\t\t<\/div>\n\t\t\t\t\t<\/div>\n\t\t<\/section>\n\t\t\t\t<section class=\"elementor-section elementor-top-section elementor-element elementor-element-3829f13c elementor-section-boxed elementor-section-height-default elementor-section-height-default row-top\" data-id=\"3829f13c\" data-element_type=\"section\" data-e-type=\"section\" data-settings=\"{&quot;background_background&quot;:&quot;classic&quot;}\">\n\t\t\t\t\t\t\t<div class=\"elementor-background-overlay\"><\/div>\n\t\t\t\t\t\t\t<div class=\"elementor-container elementor-column-gap-default\">\n\t\t\t\t\t<div class=\"elementor-column elementor-col-50 elementor-top-column elementor-element elementor-element-9d7e81d column-style-top\" data-id=\"9d7e81d\" data-element_type=\"column\" data-e-type=\"column\">\n\t\t\t<div class=\"elementor-widget-wrap elementor-element-populated\">\n\t\t\t\t\t\t<div class=\"elementor-element elementor-element-7cc584ee elementor-widget elementor-widget-gva-heading-block\" data-id=\"7cc584ee\" data-element_type=\"widget\" data-e-type=\"widget\" data-widget_type=\"gva-heading-block.default\">\n\t\t\t\t<div class=\"elementor-widget-container\">\n\t\t\t\t\t<div class=\"gva-element-gva-heading-block gva-element\">   <div class=\"align-left style-1 widget gsc-heading box-align-left auto-responsive\">\r\n      <div class=\"content-inner\">\r\n         \r\n                  \r\n                     <div class=\"sub-title\"><span>Hakk\u0131m\u0131zda s\u00f6ylendi<\/span><\/div>\r\n           \r\n         \r\n                     <h2 class=\"title\">\r\n               <span>\u0130\u015f ortaklar\u0131m\u0131z neler s\u00f6yl\u00fcyor<\/span>\r\n            <\/h2>\r\n                  \r\n         \r\n      <\/div>\r\n   <\/div>\r\n<\/div>\t\t\t\t<\/div>\n\t\t\t\t<\/div>\n\t\t\t\t\t<\/div>\n\t\t<\/div>\n\t\t\t\t<div class=\"elementor-column elementor-col-50 elementor-top-column elementor-element elementor-element-6121f4d9 column-style-top\" data-id=\"6121f4d9\" data-element_type=\"column\" data-e-type=\"column\">\n\t\t\t<div class=\"elementor-widget-wrap elementor-element-populated\">\n\t\t\t\t\t\t<div class=\"elementor-element elementor-element-13380ff1 elementor-widget elementor-widget-gva-testimonials\" data-id=\"13380ff1\" data-element_type=\"widget\" data-e-type=\"widget\" data-widget_type=\"gva-testimonials.default\">\n\t\t\t\t<div class=\"elementor-widget-container\">\n\t\t\t\t\t<div class=\"gva-element-gva-testimonials gva-element\">   \r\n   <div class=\"gva-testimonial-carousel style-2\">\r\n      <div class=\"init-carousel-owl owl-carousel\" data-items=\"2\" data-items_lg=\"2\" data-items_md=\"2\" data-items_sm=\"1\" data-items_xs=\"1\" data-items_xx=\"1\" data-loop=\"0\" data-speed=\"800\" data-auto_play=\"1\" data-auto_play_speed=\"800\" data-auto_play_timeout=\"6000\" data-auto_play_hover=\"1\" data-navigation=\"0\" data-pagination=\"0\" data-mouse_drag=\"1\" data-touch_drag=\"1\" >\r\n                                 <div class=\"item\">\r\n               <div class=\"testimonial-item\">\r\n                  <div class=\"testimonial-item-content\">\r\n                    \r\n                     <div class=\"testimonial-content\">\r\n                        Suriye'de yerinden edilmi\u015f ailelere g\u0131da, su ve bar\u0131nak sa\u011flamak i\u00e7in yorulmadan \u00e7al\u0131\u015fan Ghiras \u0130nsani Yard\u0131m Kurulu\u015fu'na te\u015fekk\u00fcr ediyoruz.                     <\/div>\r\n\r\n                     <div class=\"testimonial-meta\">\r\n                        <div class=\"testimonial-information\">\r\n                           <span class=\"testimonial-name\">Tawasol Organization<\/span>\r\n                           <span class=\"testimonial-job\"><\/span>\r\n                           <span class=\"icon fi flaticon-quote\"><\/span>\r\n                        <\/div>\r\n                        <div class=\"testimonial-image\">\r\n                           <img decoding=\"async\" src=\"https:\/\/www.ghirasalkhaeer.com\/wp-content\/uploads\/2022\/09\/tawasol.png\" alt=\"Tawasol Organization\" title=\"\">\r\n                        <\/div>\r\n                     <\/div>\r\n\r\n                  <\/div>   \r\n               <\/div>\r\n            <\/div>   \r\n                                 <div class=\"item\">\r\n               <div class=\"testimonial-item\">\r\n                  <div class=\"testimonial-item-content\">\r\n                    \r\n                     <div class=\"testimonial-content\">\r\n                        Sava\u015f g\u00f6ren toplumlara bir\u00e7ok projenin y\u00fcr\u00fct\u00fclmesinde Giras \u0130nsani Derne\u011fi ile i\u015fbirli\u011fi yapt\u0131k. \u00c7ok profesyonel bir organizasyondur.                     <\/div>\r\n\r\n                     <div class=\"testimonial-meta\">\r\n                        <div class=\"testimonial-information\">\r\n                           <span class=\"testimonial-name\">Palmira Association<\/span>\r\n                           <span class=\"testimonial-job\"><\/span>\r\n                           <span class=\"icon fi flaticon-quote\"><\/span>\r\n                        <\/div>\r\n                        <div class=\"testimonial-image\">\r\n                           <img decoding=\"async\" src=\"https:\/\/www.ghirasalkhaeer.com\/wp-content\/uploads\/2022\/08\/10.png\" alt=\"Palmira Association\" title=\"\">\r\n                        <\/div>\r\n                     <\/div>\r\n\r\n                  <\/div>   \r\n               <\/div>\r\n            <\/div>   \r\n               <\/div>\r\n   <\/div>\r\n   <\/div>\t\t\t\t<\/div>\n\t\t\t\t<\/div>\n\t\t\t\t\t<\/div>\n\t\t<\/div>\n\t\t\t\t\t<\/div>\n\t\t<\/section>\n\t\t\t\t<section class=\"elementor-section elementor-top-section elementor-element elementor-element-6a6afa32 elementor-section-boxed elementor-section-height-default elementor-section-height-default row-top\" data-id=\"6a6afa32\" data-element_type=\"section\" data-e-type=\"section\" data-settings=\"{&quot;background_background&quot;:&quot;classic&quot;}\">\n\t\t\t\t\t\t<div class=\"elementor-container elementor-column-gap-default\">\n\t\t\t\t\t<div class=\"elementor-column elementor-col-100 elementor-top-column elementor-element elementor-element-7ddd339c column-style-top\" data-id=\"7ddd339c\" data-element_type=\"column\" data-e-type=\"column\">\n\t\t\t<div class=\"elementor-widget-wrap elementor-element-populated\">\n\t\t\t\t\t\t<div class=\"elementor-element elementor-element-194dccb8 elementor-widget elementor-widget-gva-heading-block\" data-id=\"194dccb8\" data-element_type=\"widget\" data-e-type=\"widget\" data-widget_type=\"gva-heading-block.default\">\n\t\t\t\t<div class=\"elementor-widget-container\">\n\t\t\t\t\t<div class=\"gva-element-gva-heading-block gva-element\">   <div class=\"align-center style-1 widget gsc-heading box-align-center auto-responsive\">\r\n      <div class=\"content-inner\">\r\n         \r\n                  \r\n           \r\n         \r\n                     <h2 class=\"title\">\r\n               <span>Projelerimize g\u00f6z at ve kat\u0131l<\/span>\r\n            <\/h2>\r\n                  \r\n                     <div class=\"heading-action\">\r\n               \t\t  <a href=\"\/projeler\/\" class=\"btn-cta btn-theme \">\r\n\t\t\t <span>Daha Fazla<\/span>\r\n\t\t  <\/a>\r\n\r\n\t\t              <\/div>\r\n         \r\n      <\/div>\r\n   <\/div>\r\n<\/div>\t\t\t\t<\/div>\n\t\t\t\t<\/div>\n\t\t\t\t\t<\/div>\n\t\t<\/div>\n\t\t\t\t\t<\/div>\n\t\t<\/section>\n\t\t\t\t<section class=\"elementor-section elementor-top-section elementor-element elementor-element-8aa2525 elementor-section-boxed elementor-section-height-default elementor-section-height-default row-top\" data-id=\"8aa2525\" data-element_type=\"section\" data-e-type=\"section\">\n\t\t\t\t\t\t<div class=\"elementor-container elementor-column-gap-default\">\n\t\t\t\t\t<div class=\"elementor-column elementor-col-100 elementor-top-column elementor-element elementor-element-e60bb79 column-style-top\" data-id=\"e60bb79\" data-element_type=\"column\" data-e-type=\"column\">\n\t\t\t<div class=\"elementor-widget-wrap elementor-element-populated\">\n\t\t\t\t\t\t<div class=\"elementor-element elementor-element-6af9f1d elementor-widget elementor-widget-text-editor\" data-id=\"6af9f1d\" data-element_type=\"widget\" data-e-type=\"widget\" data-widget_type=\"text-editor.default\">\n\t\t\t\t<div class=\"elementor-widget-container\">\n\t\t\t\t\t\t\t\t\t<h3>Dezavantajl\u0131 Topluluklar\u0131 G\u00fc\u00e7lendirmek: Giras Derne\u011fi G\u0131da ve Bar\u0131nma G\u00fcvenli\u011fine Y\u00f6nelik Taahh\u00fcd\u00fc<\/h3><p>Bir sivil toplum kurulu\u015fu olarak, Giras Derne\u011fi dezavantajl\u0131 topluluklar\u0131 desteklemek ve onlar\u0131n g\u0131da ve bar\u0131nak g\u00fcvenliklerini art\u0131rmak i\u00e7in durmadan \u00e7al\u0131\u015f\u0131yor. Giras Derne\u011fi, bir dizi destekleyici program ve giri\u015fim arac\u0131l\u0131\u011f\u0131yla savunmas\u0131z n\u00fcfuslar\u0131 iyile\u015ftirmeye, acil ihtiya\u00e7lar\u0131n\u0131 kar\u015f\u0131lamaya ve daha iyi bir gelecek i\u00e7in s\u00fcrd\u00fcr\u00fclebilir \u00e7\u00f6z\u00fcmler yaratmaya \u00e7al\u0131\u015f\u0131yor. \u0130\u015fte Giras Derne\u011fin yerinden edilmi\u015f ve dezavantajl\u0131 topluluklarda \u00f6nemli bir etki yaratma yollar\u0131ndan baz\u0131lar\u0131:<\/p><h4>G\u0131daya Eri\u015fimin Desteklenmesi<\/h4><p>Giras Derne\u011fi, topluluklar\u0131n sa\u011fl\u0131\u011f\u0131 ve geli\u015fimi i\u00e7in g\u0131daya eri\u015fimin \u00f6neminin fark\u0131ndad\u0131r. Giras Derne\u011fi, g\u0131da deste\u011fi kampanyalar\u0131 y\u00fcr\u00fctmek ve dezavantajl\u0131 topluluklara besleyici g\u0131da sa\u011flanmas\u0131n\u0131 sa\u011flamak i\u00e7in yerel tedarik\u00e7ilerle i\u015fbirli\u011fi yap\u0131yor.<\/p><h4>Acil yard\u0131m<\/h4><p>Do\u011fal afetler veya \u00e7at\u0131\u015fmalar gibi kriz zamanlar\u0131nda Giras Derne\u011fi, etkilenen topluluklara acil yard\u0131m sa\u011flayarak an\u0131nda harekete ge\u00e7iyor. Giras Derne\u011fi, g\u0131da ve bar\u0131nak gibi temel malzemeleri da\u011f\u0131tarak en savunmas\u0131z bireylerin an\u0131nda yard\u0131m ve koruma almas\u0131n\u0131 sa\u011fl\u0131yor.<\/p><h4>Konut Projeleri<\/h4><p>Giras Derne\u011fi, dezavantajl\u0131 topluluklar\u0131n refah\u0131n\u0131n sa\u011flanmas\u0131nda istikrarl\u0131 konutlar\u0131n kritik rol\u00fcn\u00fcn bilincindedir. Giras Derne\u011fi, s\u00fcrd\u00fcr\u00fclebilir konut \u00e7\u00f6z\u00fcmleri olu\u015fturmak i\u00e7in yerel yetkililer ve in\u015faat uzmanlar\u0131yla i\u015fbirli\u011fi yap\u0131yor. Bu giri\u015fimler sadece g\u00fcvenli ve emniyetli bar\u0131nma sa\u011flamakla kalm\u0131yor, ayn\u0131 zamanda bu topluluklardaki k\u00fc\u00e7\u00fck i\u015fletmeleri destekleyerek toplumun ekonomik kalk\u0131nmas\u0131na da katk\u0131da bulunuyor.<\/p><h4>\u00a0Rehabilitasyon ve Yeniden Yap\u0131lanma:<\/h4><p>Giras Derne\u011fi, \u00e7at\u0131\u015fma veya felaketlerden etkilenen b\u00f6lgelerde rehabilitasyon ve yeniden in\u015fa \u00e7al\u0131\u015fmalar\u0131na odaklan\u0131yor. Giras Derne\u011fi, okullar, sa\u011fl\u0131k merkezleri ve toplum merkezleri de dahil olmak \u00fczere hasarl\u0131 altyap\u0131y\u0131 yeniden in\u015fa etmek i\u00e7in yerel topluluklarla yak\u0131n i\u015fbirli\u011fi i\u00e7inde \u00e7al\u0131\u015f\u0131yor. Bu giri\u015fimler, normallik ve istikrar duygusunu yeniden tesis ederek, etkilenen toplumlar\u0131n genel ya\u015fam kalitesini art\u0131r\u0131yor.<\/p><h4>Beceri Geli\u015ftirme ve Giri\u015fimcilik:<\/h4><p>Yoksulluk d\u00f6ng\u00fcs\u00fcn\u00fc k\u0131rmak ve uzun vadeli s\u00fcrd\u00fcr\u00fclebilirli\u011fi art\u0131rmak i\u00e7in Giras Derne\u011fi, beceri geli\u015ftirme ve giri\u015fimcilik programlar\u0131na \u00f6nem veriyor. Giras Derne\u011fi, bireylere istihdam edilebilirliklerini art\u0131racak pazarlanabilir beceriler kazand\u0131ran mesleki e\u011fitim sunmaktad\u0131r. Ayr\u0131ca Giras Derne\u011fi, dezavantajl\u0131 topluluklarda k\u00fc\u00e7\u00fck i\u015fletmelerin kurulmas\u0131n\u0131 te\u015fvik ederek mikro finans giri\u015fimleri ve i\u015f dan\u0131\u015fmanl\u0131\u011f\u0131 sa\u011fl\u0131yor.<\/p><p>Giras Derne\u011fi dezavantajl\u0131 topluluklar\u0131 destekleme ve onlar\u0131n g\u0131da ve bar\u0131nak g\u00fcvenliklerini art\u0131rma konusundaki kararl\u0131l\u0131\u011f\u0131 \u00f6vg\u00fcye de\u011ferdir. Acil yard\u0131ma ve s\u00fcrd\u00fcr\u00fclebilir \u00e7\u00f6z\u00fcmlere odaklanarak. Giras Derne\u011fi savunmas\u0131z bireylerin ya\u015famlar\u0131 \u00fczerinde kal\u0131c\u0131 bir etki yarat\u0131yor. Giras Derne\u011fi, \u00f6zveri ve yenilik\u00e7i yakla\u015f\u0131m\u0131yla topluluklar\u0131 g\u00fc\u00e7lendirmeye, f\u0131rsatlar yaratmaya ve herkes i\u00e7in daha e\u015fitlik\u00e7i bir toplum in\u015fa etmeye \u00e7abal\u0131yor.<\/p>\t\t\t\t\t\t\t\t<\/div>\n\t\t\t\t<\/div>\n\t\t\t\t\t<\/div>\n\t\t<\/div>\n\t\t\t\t\t<\/div>\n\t\t<\/section>\n\t\t\t\t<\/div>\n\t\t","protected":false},"excerpt":{"rendered":"<p>Disadvantajl\u0131 Toplumlar\u0131n G\u00fcvendi\u011fi Dernek Hakk\u0131m\u0131zda Giras, \u0130nsani Hayir Kalk\u0131nd\u0131rma Derne\u011fi Biz, dezavantajl\u0131 topluluklar\u0131n \u00fcyelerine bak\u0131m ve yard\u0131m sa\u011flama, bu topluluklarda s\u00fcrd\u00fcr\u00fclebilir kalk\u0131nmay\u0131 sa\u011flama alan\u0131nda \u00e7al\u0131\u015fan bir sivil toplum sivil toplum kurulu\u015fuyuz. Giras, Uluslararas\u0131 \u00e7apta etki yapmaya \u00e7al\u0131\u015fan bir dernektir Ba\u015far\u0131l\u0131 Projeler 90% Sponsorluk Sa\u011flanan Vakalar 76% Hakk\u0131m\u0131zda s\u00f6ylendi \u0130\u015f ortaklar\u0131m\u0131z neler s\u00f6yl\u00fcyor Suriye&#8217;de yerinden edilmi\u015f [&hellip;]<\/p>\n","protected":false},"author":1,"featured_media":0,"parent":0,"menu_order":0,"comment_status":"closed","ping_status":"closed","template":"elementor_canvas","meta":{"_acf_changed":false,"footnotes":""},"class_list":["post-6586","page","type-page","status-publish","hentry"],"acf":[],"language":null,"_links":{"self":[{"href":"https:\/\/www.ghirasalkhaeer.com\/tr\/wp-json\/wp\/v2\/pages\/6586","targetHints":{"allow":["GET"]}}],"collection":[{"href":"https:\/\/www.ghirasalkhaeer.com\/tr\/wp-json\/wp\/v2\/pages"}],"about":[{"href":"https:\/\/www.ghirasalkhaeer.com\/tr\/wp-json\/wp\/v2\/types\/page"}],"author":[{"embeddable":true,"href":"https:\/\/www.ghirasalkhaeer.com\/tr\/wp-json\/wp\/v2\/users\/1"}],"replies":[{"embeddable":true,"href":"https:\/\/www.ghirasalkhaeer.com\/tr\/wp-json\/wp\/v2\/comments?post=6586"}],"version-history":[{"count":7,"href":"https:\/\/www.ghirasalkhaeer.com\/tr\/wp-json\/wp\/v2\/pages\/6586\/revisions"}],"predecessor-version":[{"id":7756,"href":"https:\/\/www.ghirasalkhaeer.com\/tr\/wp-json\/wp\/v2\/pages\/6586\/revisions\/7756"}],"wp:attachment":[{"href":"https:\/\/www.ghirasalkhaeer.com\/tr\/wp-json\/wp\/v2\/media?parent=6586"}],"curies":[{"name":"wp","href":"https:\/\/api.w.org\/{rel}","templated":true}]}}